{"id":77,"date":"2025-08-19T18:24:15","date_gmt":"2025-08-19T18:24:15","guid":{"rendered":"https:\/\/cnc-precision.pl\/?page_id=77"},"modified":"2025-08-19T19:07:22","modified_gmt":"2025-08-19T19:07:22","slug":"o-nas","status":"publish","type":"page","link":"https:\/\/cnc-precision.pl\/en\/o-nas\/","title":{"rendered":"About us"},"content":{"rendered":"<div data-elementor-type=\"wp-page\" data-elementor-id=\"77\" class=\"elementor elementor-77\" data-elementor-post-type=\"page\">\n\t\t\t\t\t\t<section class=\"elementor-section elementor-top-section elementor-element elementor-element-8dc77dd elementor-section-stretched elementor-section-boxed elementor-section-height-default elementor-section-height-default\" data-id=\"8dc77dd\" data-element_type=\"section\" data-settings=\"{&quot;stretch_section&quot;:&quot;section-stretched&quot;}\">\n\t\t\t\t\t\t<div class=\"elementor-container elementor-column-gap-default\">\n\t\t\t\t\t<div class=\"elementor-column elementor-col-100 elementor-top-column elementor-element elementor-element-4c56e27\" data-id=\"4c56e27\" data-element_type=\"column\">\n\t\t\t<div class=\"elementor-widget-wrap elementor-element-populated\">\n\t\t\t\t\t\t<section class=\"elementor-section elementor-inner-section elementor-element elementor-element-d024105 elementor-section-height-min-height elementor-section-boxed elementor-section-height-default\" data-id=\"d024105\" data-element_type=\"section\">\n\t\t\t\t\t\t<div class=\"elementor-container elementor-column-gap-default\">\n\t\t\t\t\t<div class=\"elementor-column elementor-col-50 elementor-inner-column elementor-element elementor-element-3a1c14b\" data-id=\"3a1c14b\" data-element_type=\"column\">\n\t\t\t<div class=\"elementor-widget-wrap elementor-element-populated\">\n\t\t\t\t\t\t<div class=\"elementor-element elementor-element-2275f15 elementor-widget elementor-widget-image\" data-id=\"2275f15\" data-element_type=\"widget\" data-widget_type=\"image.default\">\n\t\t\t\t\t\t\t\t\t\t\t\t\t\t\t<img fetchpriority=\"high\" decoding=\"async\" width=\"458\" height=\"687\" src=\"https:\/\/cnc-precision.pl\/wp-content\/uploads\/2025\/08\/unsplash-image.webp\" class=\"attachment-large size-large wp-image-79\" alt=\"\" srcset=\"https:\/\/cnc-precision.pl\/wp-content\/uploads\/2025\/08\/unsplash-image.webp 458w, https:\/\/cnc-precision.pl\/wp-content\/uploads\/2025\/08\/unsplash-image-200x300.webp 200w\" sizes=\"(max-width: 458px) 100vw, 458px\" \/>\t\t\t\t\t\t\t\t\t\t\t\t\t\t\t<\/div>\n\t\t\t\t\t<\/div>\n\t\t<\/div>\n\t\t\t\t<div class=\"elementor-column elementor-col-50 elementor-inner-column elementor-element elementor-element-805f82a\" data-id=\"805f82a\" data-element_type=\"column\">\n\t\t\t<div class=\"elementor-widget-wrap elementor-element-populated\">\n\t\t\t\t\t\t<div class=\"elementor-element elementor-element-f563226 elementor-widget elementor-widget-heading\" data-id=\"f563226\" data-element_type=\"widget\" data-widget_type=\"heading.default\">\n\t\t\t\t\t<h2 class=\"elementor-heading-title elementor-size-default\">About us<\/h2>\t\t\t\t<\/div>\n\t\t\t\t<div class=\"elementor-element elementor-element-36200d8 elementor-widget elementor-widget-text-editor\" data-id=\"36200d8\" data-element_type=\"widget\" data-widget_type=\"text-editor.default\">\n\t\t\t\t\t\t\t\t\t<p>CNC PRECISION specializes in machining very small parts using Swiss LATHE.<\/p><p class=\"translation-block\">Our main diameter range for components is 1 to 3 mm. The maximum diameter of our machine tools is limited to 12 mm.<\/p><p>We manufacture parts for the medical industry and other industries requiring quality and precision.<\/p><p>The materials we work with include stainless steel, carbon steel, brass, aluminum, and various types of plastics.<\/p>\t\t\t\t\t\t\t\t<\/div>\n\t\t\t\t<div class=\"elementor-element elementor-element-ccb7254 elementor-widget elementor-widget-button\" data-id=\"ccb7254\" data-element_type=\"widget\" data-widget_type=\"button.default\">\n\t\t\t\t\t\t\t\t\t\t<a class=\"elementor-button elementor-button-link elementor-size-sm\" href=\"\/en\/kontakt\/\">\n\t\t\t\t\t\t<span class=\"elementor-button-content-wrapper\">\n\t\t\t\t\t\t<span class=\"elementor-button-icon\">\n\t\t\t\t<svg aria-hidden=\"true\" class=\"e-font-icon-svg e-far-arrow-alt-circle-right\" viewbox=\"0 0 512 512\" xmlns=\"http:\/\/www.w3.org\/2000\/svg\"><path d=\"M504 256C504 119 393 8 256 8S8 119 8 256s111 248 248 248 248-111 248-248zm-448 0c0-110.5 89.5-200 200-200s200 89.5 200 200-89.5 200-200 200S56 366.5 56 256zm72 20v-40c0-6.6 5.4-12 12-12h116v-67c0-10.7 12.9-16 20.5-8.5l99 99c4.7 4.7 4.7 12.3 0 17l-99 99c-7.6 7.6-20.5 2.2-20.5-8.5v-67H140c-6.6 0-12-5.4-12-12z\"><\/path><\/svg>\t\t\t<\/span>\n\t\t\t\t\t\t\t\t\t<span class=\"elementor-button-text\">Cooperation<\/span>\n\t\t\t\t\t<\/span>\n\t\t\t\t\t<\/a>\n\t\t\t\t\t\t\t\t<\/div>\n\t\t\t\t\t<\/div>\n\t\t<\/div>\n\t\t\t\t\t<\/div>\n\t\t<\/section>\n\t\t\t\t\t<\/div>\n\t\t<\/div>\n\t\t\t\t\t<\/div>\n\t\t<\/section>\n\t\t\t\t<\/div>","protected":false},"excerpt":{"rendered":"<p>O nas Firma CNC PRECISION zajmuj\u0119 si\u0119 obr\u00f3bk\u0105 skrawaniem bardzo ma\u0142ych element\u00f3w przy u\u017cyciu automat\u00f3w wzd\u0142u\u017cnych typu szwajcarskiego SWISS LATHE . Nasz g\u0142\u00f3wny zakres \u015brednic z kt\u00f3rych wykonujemy podzespo\u0142y zawiera si\u0119 w przedziale od\u00a01 do 3 [mm].\u00a0Maksymalne mo\u017cliwo\u015bci naszego parku maszynowego ograniczone s\u0105 do 12 [mm] Wykonujemy detale dla przemys\u0142u medycznego oraz innych obszar\u00f3w wymagaj\u0105cych [&hellip;]<\/p>","protected":false},"author":1,"featured_media":0,"parent":0,"menu_order":0,"comment_status":"closed","ping_status":"closed","template":"elementor_header_footer","meta":{"footnotes":""},"class_list":["post-77","page","type-page","status-publish","hentry"],"yoast_head":"<!-- This site is optimized with the Yoast SEO plugin v25.9 - https:\/\/yoast.com\/wordpress\/plugins\/seo\/ -->\n<title>O nas - CNC PRECISION Damian Borycki<\/title>\n<meta name=\"robots\" content=\"index, follow, max-snippet:-1, max-image-preview:large, max-video-preview:-1\" \/>\n<link rel=\"canonical\" href=\"https:\/\/cnc-precision.pl\/en\/o-nas\/\" \/>\n<meta property=\"og:locale\" content=\"en_GB\" \/>\n<meta property=\"og:type\" content=\"article\" \/>\n<meta property=\"og:title\" content=\"O nas - CNC PRECISION Damian Borycki\" \/>\n<meta property=\"og:description\" content=\"O nas Firma CNC PRECISION zajmuj\u0119 si\u0119 obr\u00f3bk\u0105 skrawaniem bardzo ma\u0142ych element\u00f3w przy u\u017cyciu automat\u00f3w wzd\u0142u\u017cnych typu szwajcarskiego SWISS LATHE . Nasz g\u0142\u00f3wny zakres \u015brednic z kt\u00f3rych wykonujemy podzespo\u0142y zawiera si\u0119 w przedziale od\u00a01 do 3 [mm].\u00a0Maksymalne mo\u017cliwo\u015bci naszego parku maszynowego ograniczone s\u0105 do 12 [mm] Wykonujemy detale dla przemys\u0142u medycznego oraz innych obszar\u00f3w wymagaj\u0105cych [&hellip;]\" \/>\n<meta property=\"og:url\" content=\"https:\/\/cnc-precision.pl\/en\/o-nas\/\" \/>\n<meta property=\"og:site_name\" content=\"CNC PRECISION Damian Borycki\" \/>\n<meta property=\"article:modified_time\" content=\"2025-08-19T19:07:22+00:00\" \/>\n<meta property=\"og:image\" content=\"https:\/\/cnc-precision.pl\/wp-content\/uploads\/2025\/08\/unsplash-image.webp\" \/>\n\t<meta property=\"og:image:width\" content=\"458\" \/>\n\t<meta property=\"og:image:height\" content=\"687\" \/>\n\t<meta property=\"og:image:type\" content=\"image\/webp\" \/>\n<meta name=\"twitter:card\" content=\"summary_large_image\" \/>\n<meta name=\"twitter:label1\" content=\"Estimated reading time\" \/>\n\t<meta name=\"twitter:data1\" content=\"1 minute\" \/>\n<script type=\"application\/ld+json\" class=\"yoast-schema-graph\">{\"@context\":\"https:\/\/schema.org\",\"@graph\":[{\"@type\":\"WebPage\",\"@id\":\"https:\/\/cnc-precision.pl\/o-nas\/\",\"url\":\"https:\/\/cnc-precision.pl\/o-nas\/\",\"name\":\"O nas - CNC PRECISION Damian Borycki\",\"isPartOf\":{\"@id\":\"https:\/\/cnc-precision.pl\/#website\"},\"primaryImageOfPage\":{\"@id\":\"https:\/\/cnc-precision.pl\/o-nas\/#primaryimage\"},\"image\":{\"@id\":\"https:\/\/cnc-precision.pl\/o-nas\/#primaryimage\"},\"thumbnailUrl\":\"https:\/\/cnc-precision.pl\/wp-content\/uploads\/2025\/08\/unsplash-image.webp\",\"datePublished\":\"2025-08-19T18:24:15+00:00\",\"dateModified\":\"2025-08-19T19:07:22+00:00\",\"breadcrumb\":{\"@id\":\"https:\/\/cnc-precision.pl\/o-nas\/#breadcrumb\"},\"inLanguage\":\"en-GB\",\"potentialAction\":[{\"@type\":\"ReadAction\",\"target\":[\"https:\/\/cnc-precision.pl\/o-nas\/\"]}]},{\"@type\":\"ImageObject\",\"inLanguage\":\"en-GB\",\"@id\":\"https:\/\/cnc-precision.pl\/o-nas\/#primaryimage\",\"url\":\"https:\/\/cnc-precision.pl\/wp-content\/uploads\/2025\/08\/unsplash-image.webp\",\"contentUrl\":\"https:\/\/cnc-precision.pl\/wp-content\/uploads\/2025\/08\/unsplash-image.webp\"},{\"@type\":\"BreadcrumbList\",\"@id\":\"https:\/\/cnc-precision.pl\/o-nas\/#breadcrumb\",\"itemListElement\":[{\"@type\":\"ListItem\",\"position\":1,\"name\":\"Strona g\u0142\u00f3wna\",\"item\":\"https:\/\/cnc-precision.pl\/\"},{\"@type\":\"ListItem\",\"position\":2,\"name\":\"O nas\"}]},{\"@type\":\"WebSite\",\"@id\":\"https:\/\/cnc-precision.pl\/#website\",\"url\":\"https:\/\/cnc-precision.pl\/\",\"name\":\"CNC PRECISION Damian Borycki\",\"description\":\"Precyzyjna obr&oacute;bka skrawaniem CNC\",\"publisher\":{\"@id\":\"https:\/\/cnc-precision.pl\/#organization\"},\"potentialAction\":[{\"@type\":\"SearchAction\",\"target\":{\"@type\":\"EntryPoint\",\"urlTemplate\":\"https:\/\/cnc-precision.pl\/?s={search_term_string}\"},\"query-input\":{\"@type\":\"PropertyValueSpecification\",\"valueRequired\":true,\"valueName\":\"search_term_string\"}}],\"inLanguage\":\"en-GB\"},{\"@type\":\"Organization\",\"@id\":\"https:\/\/cnc-precision.pl\/#organization\",\"name\":\"CNC PRECISION Damian Borycki\",\"url\":\"https:\/\/cnc-precision.pl\/\",\"logo\":{\"@type\":\"ImageObject\",\"inLanguage\":\"en-GB\",\"@id\":\"https:\/\/cnc-precision.pl\/#\/schema\/logo\/image\/\",\"url\":\"https:\/\/cnc-precision.pl\/wp-content\/uploads\/2025\/08\/cropped-cnc-logo-1.png\",\"contentUrl\":\"https:\/\/cnc-precision.pl\/wp-content\/uploads\/2025\/08\/cropped-cnc-logo-1.png\",\"width\":512,\"height\":512,\"caption\":\"CNC PRECISION Damian Borycki\"},\"image\":{\"@id\":\"https:\/\/cnc-precision.pl\/#\/schema\/logo\/image\/\"}}]}<\/script>\n<!-- \/ Yoast SEO plugin. -->","yoast_head_json":{"title":"O nas - CNC PRECISION Damian Borycki","robots":{"index":"index","follow":"follow","max-snippet":"max-snippet:-1","max-image-preview":"max-image-preview:large","max-video-preview":"max-video-preview:-1"},"canonical":"https:\/\/cnc-precision.pl\/en\/o-nas\/","og_locale":"en_GB","og_type":"article","og_title":"O nas - CNC PRECISION Damian Borycki","og_description":"O nas Firma CNC PRECISION zajmuj\u0119 si\u0119 obr\u00f3bk\u0105 skrawaniem bardzo ma\u0142ych element\u00f3w przy u\u017cyciu automat\u00f3w wzd\u0142u\u017cnych typu szwajcarskiego SWISS LATHE . Nasz g\u0142\u00f3wny zakres \u015brednic z kt\u00f3rych wykonujemy podzespo\u0142y zawiera si\u0119 w przedziale od\u00a01 do 3 [mm].\u00a0Maksymalne mo\u017cliwo\u015bci naszego parku maszynowego ograniczone s\u0105 do 12 [mm] Wykonujemy detale dla przemys\u0142u medycznego oraz innych obszar\u00f3w wymagaj\u0105cych [&hellip;]","og_url":"https:\/\/cnc-precision.pl\/en\/o-nas\/","og_site_name":"CNC PRECISION Damian Borycki","article_modified_time":"2025-08-19T19:07:22+00:00","og_image":[{"width":458,"height":687,"url":"https:\/\/cnc-precision.pl\/wp-content\/uploads\/2025\/08\/unsplash-image.webp","type":"image\/webp"}],"twitter_card":"summary_large_image","twitter_misc":{"Estimated reading time":"1 minute"},"schema":{"@context":"https:\/\/schema.org","@graph":[{"@type":"WebPage","@id":"https:\/\/cnc-precision.pl\/o-nas\/","url":"https:\/\/cnc-precision.pl\/o-nas\/","name":"O nas - CNC PRECISION Damian Borycki","isPartOf":{"@id":"https:\/\/cnc-precision.pl\/#website"},"primaryImageOfPage":{"@id":"https:\/\/cnc-precision.pl\/o-nas\/#primaryimage"},"image":{"@id":"https:\/\/cnc-precision.pl\/o-nas\/#primaryimage"},"thumbnailUrl":"https:\/\/cnc-precision.pl\/wp-content\/uploads\/2025\/08\/unsplash-image.webp","datePublished":"2025-08-19T18:24:15+00:00","dateModified":"2025-08-19T19:07:22+00:00","breadcrumb":{"@id":"https:\/\/cnc-precision.pl\/o-nas\/#breadcrumb"},"inLanguage":"en-GB","potentialAction":[{"@type":"ReadAction","target":["https:\/\/cnc-precision.pl\/o-nas\/"]}]},{"@type":"ImageObject","inLanguage":"en-GB","@id":"https:\/\/cnc-precision.pl\/o-nas\/#primaryimage","url":"https:\/\/cnc-precision.pl\/wp-content\/uploads\/2025\/08\/unsplash-image.webp","contentUrl":"https:\/\/cnc-precision.pl\/wp-content\/uploads\/2025\/08\/unsplash-image.webp"},{"@type":"BreadcrumbList","@id":"https:\/\/cnc-precision.pl\/o-nas\/#breadcrumb","itemListElement":[{"@type":"ListItem","position":1,"name":"Strona g\u0142\u00f3wna","item":"https:\/\/cnc-precision.pl\/"},{"@type":"ListItem","position":2,"name":"O nas"}]},{"@type":"WebSite","@id":"https:\/\/cnc-precision.pl\/#website","url":"https:\/\/cnc-precision.pl\/","name":"CNC PRECISION Damian Borycki","description":"Precyzyjna obr&oacute;bka skrawaniem CNC","publisher":{"@id":"https:\/\/cnc-precision.pl\/#organization"},"potentialAction":[{"@type":"SearchAction","target":{"@type":"EntryPoint","urlTemplate":"https:\/\/cnc-precision.pl\/?s={search_term_string}"},"query-input":{"@type":"PropertyValueSpecification","valueRequired":true,"valueName":"search_term_string"}}],"inLanguage":"en-GB"},{"@type":"Organization","@id":"https:\/\/cnc-precision.pl\/#organization","name":"CNC PRECISION Damian Borycki","url":"https:\/\/cnc-precision.pl\/","logo":{"@type":"ImageObject","inLanguage":"en-GB","@id":"https:\/\/cnc-precision.pl\/#\/schema\/logo\/image\/","url":"https:\/\/cnc-precision.pl\/wp-content\/uploads\/2025\/08\/cropped-cnc-logo-1.png","contentUrl":"https:\/\/cnc-precision.pl\/wp-content\/uploads\/2025\/08\/cropped-cnc-logo-1.png","width":512,"height":512,"caption":"CNC PRECISION Damian Borycki"},"image":{"@id":"https:\/\/cnc-precision.pl\/#\/schema\/logo\/image\/"}}]}},"_links":{"self":[{"href":"https:\/\/cnc-precision.pl\/en\/wp-json\/wp\/v2\/pages\/77","targetHints":{"allow":["GET"]}}],"collection":[{"href":"https:\/\/cnc-precision.pl\/en\/wp-json\/wp\/v2\/pages"}],"about":[{"href":"https:\/\/cnc-precision.pl\/en\/wp-json\/wp\/v2\/types\/page"}],"author":[{"embeddable":true,"href":"https:\/\/cnc-precision.pl\/en\/wp-json\/wp\/v2\/users\/1"}],"replies":[{"embeddable":true,"href":"https:\/\/cnc-precision.pl\/en\/wp-json\/wp\/v2\/comments?post=77"}],"version-history":[{"count":52,"href":"https:\/\/cnc-precision.pl\/en\/wp-json\/wp\/v2\/pages\/77\/revisions"}],"predecessor-version":[{"id":187,"href":"https:\/\/cnc-precision.pl\/en\/wp-json\/wp\/v2\/pages\/77\/revisions\/187"}],"wp:attachment":[{"href":"https:\/\/cnc-precision.pl\/en\/wp-json\/wp\/v2\/media?parent=77"}],"curies":[{"name":"wp","href":"https:\/\/api.w.org\/{rel}","templated":true}]}}