{"id":7,"date":"2025-08-19T16:47:37","date_gmt":"2025-08-19T16:47:37","guid":{"rendered":"https:\/\/cnc-precision.pl\/?page_id=7"},"modified":"2025-08-19T18:58:05","modified_gmt":"2025-08-19T18:58:05","slug":"strona-glowna","status":"publish","type":"page","link":"https:\/\/cnc-precision.pl\/de\/","title":{"rendered":"Startseite"},"content":{"rendered":"<div data-elementor-type=\"wp-page\" data-elementor-id=\"7\" class=\"elementor elementor-7\" data-elementor-post-type=\"page\">\n\t\t\t\t\t\t<section class=\"elementor-section elementor-top-section elementor-element elementor-element-a04fa32 elementor-section-full_width elementor-section-height-default elementor-section-height-default\" data-id=\"a04fa32\" data-element_type=\"section\">\n\t\t\t\t\t\t<div class=\"elementor-container elementor-column-gap-default\">\n\t\t\t\t\t<div class=\"elementor-column elementor-col-100 elementor-top-column elementor-element elementor-element-1cccc6e\" data-id=\"1cccc6e\" data-element_type=\"column\">\n\t\t\t<div class=\"elementor-widget-wrap elementor-element-populated\">\n\t\t\t\t\t\t<section class=\"elementor-section elementor-inner-section elementor-element elementor-element-3d8efa6 elementor-section-boxed elementor-section-height-default elementor-section-height-default\" data-id=\"3d8efa6\" data-element_type=\"section\">\n\t\t\t\t\t\t<div class=\"elementor-container elementor-column-gap-default\">\n\t\t\t\t\t<div class=\"elementor-column elementor-col-50 elementor-inner-column elementor-element elementor-element-f6124fb\" data-id=\"f6124fb\" data-element_type=\"column\">\n\t\t\t<div class=\"elementor-widget-wrap elementor-element-populated\">\n\t\t\t\t\t\t<div class=\"elementor-element elementor-element-d8bf8b9 elementor-widget elementor-widget-heading\" data-id=\"d8bf8b9\" data-element_type=\"widget\" data-widget_type=\"heading.default\">\n\t\t\t\t\t<h2 class=\"elementor-heading-title elementor-size-default translation-block\">Pr\u00e4zisions CNC-BEARBEITUNG<\/h2>\t\t\t\t<\/div>\n\t\t\t\t<div class=\"elementor-element elementor-element-390cac2 elementor-widget elementor-widget-text-editor\" data-id=\"390cac2\" data-element_type=\"widget\" data-widget_type=\"text-editor.default\">\n\t\t\t\t\t\t\t\t\t<p><em><strong>Drehen, Fr\u00e4sen, Bohren sehr kleiner Elemente mit L\u00e4ngsdrehautomaten vom Typ Swiss SWISS-DREHMASCHINE<\/strong><\/em><\/p>\t\t\t\t\t\t\t\t<\/div>\n\t\t\t\t\t<\/div>\n\t\t<\/div>\n\t\t\t\t<div class=\"elementor-column elementor-col-50 elementor-inner-column elementor-element elementor-element-ed62cc1\" data-id=\"ed62cc1\" data-element_type=\"column\">\n\t\t\t<div class=\"elementor-widget-wrap elementor-element-populated\">\n\t\t\t\t\t\t<div class=\"elementor-element elementor-element-f03b122 elementor-widget elementor-widget-image\" data-id=\"f03b122\" data-element_type=\"widget\" data-widget_type=\"image.default\">\n\t\t\t\t\t\t\t\t\t\t\t\t\t\t\t<img fetchpriority=\"high\" decoding=\"async\" width=\"635\" height=\"476\" src=\"https:\/\/cnc-precision.pl\/wp-content\/uploads\/2025\/08\/20200408_205842.webp\" class=\"attachment-large size-large wp-image-24\" alt=\"\" srcset=\"https:\/\/cnc-precision.pl\/wp-content\/uploads\/2025\/08\/20200408_205842.webp 635w, https:\/\/cnc-precision.pl\/wp-content\/uploads\/2025\/08\/20200408_205842-300x225.webp 300w\" sizes=\"(max-width: 635px) 100vw, 635px\" \/>\t\t\t\t\t\t\t\t\t\t\t\t\t\t\t<\/div>\n\t\t\t\t\t<\/div>\n\t\t<\/div>\n\t\t\t\t\t<\/div>\n\t\t<\/section>\n\t\t\t\t<section class=\"elementor-section elementor-inner-section elementor-element elementor-element-19c8720 elementor-section-content-middle elementor-section-boxed elementor-section-height-default elementor-section-height-default\" data-id=\"19c8720\" data-element_type=\"section\">\n\t\t\t\t\t\t<div class=\"elementor-container elementor-column-gap-narrow\">\n\t\t\t\t\t<div class=\"elementor-column elementor-col-33 elementor-inner-column elementor-element elementor-element-e8ff53c\" data-id=\"e8ff53c\" data-element_type=\"column\">\n\t\t\t<div class=\"elementor-widget-wrap elementor-element-populated\">\n\t\t\t\t\t\t<div class=\"elementor-element elementor-element-68a2961 elementor-widget elementor-widget-image\" data-id=\"68a2961\" data-element_type=\"widget\" data-widget_type=\"image.default\">\n\t\t\t\t\t\t\t\t\t\t\t\t\t\t\t<img decoding=\"async\" width=\"82\" height=\"72\" src=\"https:\/\/cnc-precision.pl\/wp-content\/uploads\/2025\/08\/diamentcnc.png\" class=\"attachment-large size-large wp-image-47\" alt=\"\" \/>\t\t\t\t\t\t\t\t\t\t\t\t\t\t\t<\/div>\n\t\t\t\t\t<\/div>\n\t\t<\/div>\n\t\t\t\t<div class=\"elementor-column elementor-col-33 elementor-inner-column elementor-element elementor-element-482fbce\" data-id=\"482fbce\" data-element_type=\"column\">\n\t\t\t<div class=\"elementor-widget-wrap elementor-element-populated\">\n\t\t\t\t\t\t<div class=\"elementor-element elementor-element-f557f11 elementor-widget elementor-widget-image\" data-id=\"f557f11\" data-element_type=\"widget\" data-widget_type=\"image.default\">\n\t\t\t\t\t\t\t\t\t\t\t\t\t\t\t<img decoding=\"async\" width=\"321\" height=\"170\" src=\"https:\/\/cnc-precision.pl\/wp-content\/uploads\/2025\/08\/perfect_zero.png\" class=\"attachment-large size-large wp-image-48\" alt=\"\" srcset=\"https:\/\/cnc-precision.pl\/wp-content\/uploads\/2025\/08\/perfect_zero.png 321w, https:\/\/cnc-precision.pl\/wp-content\/uploads\/2025\/08\/perfect_zero-300x159.png 300w\" sizes=\"(max-width: 321px) 100vw, 321px\" \/>\t\t\t\t\t\t\t\t\t\t\t\t\t\t\t<\/div>\n\t\t\t\t\t<\/div>\n\t\t<\/div>\n\t\t\t\t<div class=\"elementor-column elementor-col-33 elementor-inner-column elementor-element elementor-element-9d98c4b\" data-id=\"9d98c4b\" data-element_type=\"column\">\n\t\t\t<div class=\"elementor-widget-wrap elementor-element-populated\">\n\t\t\t\t\t\t<div class=\"elementor-element elementor-element-c4abcd1 elementor-widget elementor-widget-text-editor\" data-id=\"c4abcd1\" data-element_type=\"widget\" data-widget_type=\"text-editor.default\">\n\t\t\t\t\t\t\t\t\t<h2>CNC-Bearbeitung im Bereich von 0,8 \u2013 12 [mm]<\/h2>\t\t\t\t\t\t\t\t<\/div>\n\t\t\t\t\t<\/div>\n\t\t<\/div>\n\t\t\t\t\t<\/div>\n\t\t<\/section>\n\t\t\t\t<section class=\"elementor-section elementor-inner-section elementor-element elementor-element-11a4576 elementor-section-full_width elementor-section-height-min-height elementor-section-content-middle elementor-section-height-default\" data-id=\"11a4576\" data-element_type=\"section\" data-settings=\"{&quot;background_background&quot;:&quot;classic&quot;}\">\n\t\t\t\t\t\t<div class=\"elementor-container elementor-column-gap-extended\">\n\t\t\t\t\t<div class=\"elementor-column elementor-col-33 elementor-inner-column elementor-element elementor-element-8d4485b\" data-id=\"8d4485b\" data-element_type=\"column\">\n\t\t\t<div class=\"elementor-widget-wrap elementor-element-populated\">\n\t\t\t\t\t\t<div class=\"elementor-element elementor-element-2ac4c14 elementor-widget elementor-widget-image\" data-id=\"2ac4c14\" data-element_type=\"widget\" data-widget_type=\"image.default\">\n\t\t\t\t\t\t\t\t\t\t\t\t\t\t\t<img loading=\"lazy\" decoding=\"async\" width=\"384\" height=\"288\" src=\"https:\/\/cnc-precision.pl\/wp-content\/uploads\/2025\/08\/1.webp\" class=\"attachment-large size-large wp-image-52\" alt=\"\" srcset=\"https:\/\/cnc-precision.pl\/wp-content\/uploads\/2025\/08\/1.webp 384w, https:\/\/cnc-precision.pl\/wp-content\/uploads\/2025\/08\/1-300x225.webp 300w\" sizes=\"(max-width: 384px) 100vw, 384px\" \/>\t\t\t\t\t\t\t\t\t\t\t\t\t\t\t<\/div>\n\t\t\t\t\t<\/div>\n\t\t<\/div>\n\t\t\t\t<div class=\"elementor-column elementor-col-33 elementor-inner-column elementor-element elementor-element-6547a8f\" data-id=\"6547a8f\" data-element_type=\"column\">\n\t\t\t<div class=\"elementor-widget-wrap elementor-element-populated\">\n\t\t\t\t\t\t<div class=\"elementor-element elementor-element-11252d4 elementor-widget elementor-widget-image\" data-id=\"11252d4\" data-element_type=\"widget\" data-widget_type=\"image.default\">\n\t\t\t\t\t\t\t\t\t\t\t\t\t\t\t<img loading=\"lazy\" decoding=\"async\" width=\"371\" height=\"278\" src=\"https:\/\/cnc-precision.pl\/wp-content\/uploads\/2025\/08\/2.webp\" class=\"attachment-large size-large wp-image-53\" alt=\"\" srcset=\"https:\/\/cnc-precision.pl\/wp-content\/uploads\/2025\/08\/2.webp 371w, https:\/\/cnc-precision.pl\/wp-content\/uploads\/2025\/08\/2-300x225.webp 300w\" sizes=\"(max-width: 371px) 100vw, 371px\" \/>\t\t\t\t\t\t\t\t\t\t\t\t\t\t\t<\/div>\n\t\t\t\t\t<\/div>\n\t\t<\/div>\n\t\t\t\t<div class=\"elementor-column elementor-col-33 elementor-inner-column elementor-element elementor-element-19f3ec6\" data-id=\"19f3ec6\" data-element_type=\"column\">\n\t\t\t<div class=\"elementor-widget-wrap elementor-element-populated\">\n\t\t\t\t\t\t<div class=\"elementor-element elementor-element-aac2865 elementor-widget elementor-widget-image\" data-id=\"aac2865\" data-element_type=\"widget\" data-widget_type=\"image.default\">\n\t\t\t\t\t\t\t\t\t\t\t\t\t\t\t<img loading=\"lazy\" decoding=\"async\" width=\"383\" height=\"287\" src=\"https:\/\/cnc-precision.pl\/wp-content\/uploads\/2025\/08\/3.webp\" class=\"attachment-large size-large wp-image-54\" alt=\"\" srcset=\"https:\/\/cnc-precision.pl\/wp-content\/uploads\/2025\/08\/3.webp 383w, https:\/\/cnc-precision.pl\/wp-content\/uploads\/2025\/08\/3-300x225.webp 300w\" sizes=\"(max-width: 383px) 100vw, 383px\" \/>\t\t\t\t\t\t\t\t\t\t\t\t\t\t\t<\/div>\n\t\t\t\t\t<\/div>\n\t\t<\/div>\n\t\t\t\t\t<\/div>\n\t\t<\/section>\n\t\t\t\t\t<\/div>\n\t\t<\/div>\n\t\t\t\t\t<\/div>\n\t\t<\/section>\n\t\t\t\t<\/div>","protected":false},"excerpt":{"rendered":"<p>Precyzyjna obr\u00f3bka skrawaniem CNC Toczenie, frezowanie, wiercenie bardzo ma\u0142ych element\u00f3w przy u\u017cyciu automat\u00f3w wzd\u0142u\u017cnych typu szwajcarskiego SWISS LATHE Obr\u00f3bka CNC w zakresie od 0,8 &#8211; 12 [mm]<\/p>","protected":false},"author":1,"featured_media":0,"parent":0,"menu_order":0,"comment_status":"closed","ping_status":"closed","template":"elementor_header_footer","meta":{"footnotes":""},"class_list":["post-7","page","type-page","status-publish","hentry"],"yoast_head":"<!-- This site is optimized with the Yoast SEO plugin v25.9 - https:\/\/yoast.com\/wordpress\/plugins\/seo\/ -->\n<title>Strona g\u0142\u00f3wna - CNC PRECISION Damian Borycki<\/title>\n<meta name=\"description\" content=\"Precyzyjna obr\u00f3bka skrawaniem CNC\" \/>\n<meta name=\"robots\" content=\"index, follow, max-snippet:-1, max-image-preview:large, max-video-preview:-1\" \/>\n<link rel=\"canonical\" href=\"https:\/\/cnc-precision.pl\/de\/\" \/>\n<meta property=\"og:locale\" content=\"de_DE\" \/>\n<meta property=\"og:type\" content=\"article\" \/>\n<meta property=\"og:title\" content=\"Strona g\u0142\u00f3wna - CNC PRECISION Damian Borycki\" \/>\n<meta property=\"og:description\" content=\"Precyzyjna obr\u00f3bka skrawaniem CNC\" \/>\n<meta property=\"og:url\" content=\"https:\/\/cnc-precision.pl\/de\/\" \/>\n<meta property=\"og:site_name\" content=\"CNC PRECISION Damian Borycki\" \/>\n<meta property=\"article:modified_time\" content=\"2025-08-19T18:58:05+00:00\" \/>\n<meta property=\"og:image\" content=\"https:\/\/cnc-precision.pl\/wp-content\/uploads\/2025\/08\/20200408_205842.webp\" \/>\n\t<meta property=\"og:image:width\" content=\"635\" \/>\n\t<meta property=\"og:image:height\" content=\"476\" \/>\n\t<meta property=\"og:image:type\" content=\"image\/webp\" \/>\n<meta name=\"twitter:card\" content=\"summary_large_image\" \/>\n<meta name=\"twitter:label1\" content=\"Gesch\u00e4tzte Lesezeit\" \/>\n\t<meta name=\"twitter:data1\" content=\"1\u00a0Minute\" \/>\n<script type=\"application\/ld+json\" class=\"yoast-schema-graph\">{\"@context\":\"https:\/\/schema.org\",\"@graph\":[{\"@type\":\"WebPage\",\"@id\":\"https:\/\/cnc-precision.pl\/\",\"url\":\"https:\/\/cnc-precision.pl\/\",\"name\":\"Strona g\u0142\u00f3wna - CNC PRECISION Damian Borycki\",\"isPartOf\":{\"@id\":\"https:\/\/cnc-precision.pl\/#website\"},\"primaryImageOfPage\":{\"@id\":\"https:\/\/cnc-precision.pl\/#primaryimage\"},\"image\":{\"@id\":\"https:\/\/cnc-precision.pl\/#primaryimage\"},\"thumbnailUrl\":\"https:\/\/cnc-precision.pl\/wp-content\/uploads\/2025\/08\/20200408_205842.webp\",\"datePublished\":\"2025-08-19T16:47:37+00:00\",\"dateModified\":\"2025-08-19T18:58:05+00:00\",\"description\":\"Precyzyjna obr\u00f3bka skrawaniem CNC\",\"breadcrumb\":{\"@id\":\"https:\/\/cnc-precision.pl\/#breadcrumb\"},\"inLanguage\":\"de\",\"potentialAction\":[{\"@type\":\"ReadAction\",\"target\":[\"https:\/\/cnc-precision.pl\/\"]}]},{\"@type\":\"ImageObject\",\"inLanguage\":\"de\",\"@id\":\"https:\/\/cnc-precision.pl\/#primaryimage\",\"url\":\"https:\/\/cnc-precision.pl\/wp-content\/uploads\/2025\/08\/20200408_205842.webp\",\"contentUrl\":\"https:\/\/cnc-precision.pl\/wp-content\/uploads\/2025\/08\/20200408_205842.webp\"},{\"@type\":\"BreadcrumbList\",\"@id\":\"https:\/\/cnc-precision.pl\/#breadcrumb\",\"itemListElement\":[{\"@type\":\"ListItem\",\"position\":1,\"name\":\"Strona g\u0142\u00f3wna\",\"item\":\"https:\/\/cnc-precision.pl\/\"},{\"@type\":\"ListItem\",\"position\":2,\"name\":\"Strona g\u0142\u00f3wna\"}]},{\"@type\":\"WebSite\",\"@id\":\"https:\/\/cnc-precision.pl\/#website\",\"url\":\"https:\/\/cnc-precision.pl\/\",\"name\":\"CNC PRECISION Damian Borycki\",\"description\":\"Precyzyjna obr&oacute;bka skrawaniem CNC\",\"publisher\":{\"@id\":\"https:\/\/cnc-precision.pl\/#organization\"},\"potentialAction\":[{\"@type\":\"SearchAction\",\"target\":{\"@type\":\"EntryPoint\",\"urlTemplate\":\"https:\/\/cnc-precision.pl\/?s={search_term_string}\"},\"query-input\":{\"@type\":\"PropertyValueSpecification\",\"valueRequired\":true,\"valueName\":\"search_term_string\"}}],\"inLanguage\":\"de\"},{\"@type\":\"Organization\",\"@id\":\"https:\/\/cnc-precision.pl\/#organization\",\"name\":\"CNC PRECISION Damian Borycki\",\"url\":\"https:\/\/cnc-precision.pl\/\",\"logo\":{\"@type\":\"ImageObject\",\"inLanguage\":\"de\",\"@id\":\"https:\/\/cnc-precision.pl\/#\/schema\/logo\/image\/\",\"url\":\"https:\/\/cnc-precision.pl\/wp-content\/uploads\/2025\/08\/cropped-cnc-logo-1.png\",\"contentUrl\":\"https:\/\/cnc-precision.pl\/wp-content\/uploads\/2025\/08\/cropped-cnc-logo-1.png\",\"width\":512,\"height\":512,\"caption\":\"CNC PRECISION Damian Borycki\"},\"image\":{\"@id\":\"https:\/\/cnc-precision.pl\/#\/schema\/logo\/image\/\"}}]}<\/script>\n<!-- \/ Yoast SEO plugin. -->","yoast_head_json":{"title":"Strona g\u0142\u00f3wna - CNC PRECISION Damian Borycki","description":"Precyzyjna obr\u00f3bka skrawaniem CNC","robots":{"index":"index","follow":"follow","max-snippet":"max-snippet:-1","max-image-preview":"max-image-preview:large","max-video-preview":"max-video-preview:-1"},"canonical":"https:\/\/cnc-precision.pl\/de\/","og_locale":"de_DE","og_type":"article","og_title":"Strona g\u0142\u00f3wna - CNC PRECISION Damian Borycki","og_description":"Precyzyjna obr\u00f3bka skrawaniem CNC","og_url":"https:\/\/cnc-precision.pl\/de\/","og_site_name":"CNC PRECISION Damian Borycki","article_modified_time":"2025-08-19T18:58:05+00:00","og_image":[{"width":635,"height":476,"url":"https:\/\/cnc-precision.pl\/wp-content\/uploads\/2025\/08\/20200408_205842.webp","type":"image\/webp"}],"twitter_card":"summary_large_image","twitter_misc":{"Gesch\u00e4tzte Lesezeit":"1\u00a0Minute"},"schema":{"@context":"https:\/\/schema.org","@graph":[{"@type":"WebPage","@id":"https:\/\/cnc-precision.pl\/","url":"https:\/\/cnc-precision.pl\/","name":"Strona g\u0142\u00f3wna - CNC PRECISION Damian Borycki","isPartOf":{"@id":"https:\/\/cnc-precision.pl\/#website"},"primaryImageOfPage":{"@id":"https:\/\/cnc-precision.pl\/#primaryimage"},"image":{"@id":"https:\/\/cnc-precision.pl\/#primaryimage"},"thumbnailUrl":"https:\/\/cnc-precision.pl\/wp-content\/uploads\/2025\/08\/20200408_205842.webp","datePublished":"2025-08-19T16:47:37+00:00","dateModified":"2025-08-19T18:58:05+00:00","description":"Precyzyjna obr\u00f3bka skrawaniem CNC","breadcrumb":{"@id":"https:\/\/cnc-precision.pl\/#breadcrumb"},"inLanguage":"de","potentialAction":[{"@type":"ReadAction","target":["https:\/\/cnc-precision.pl\/"]}]},{"@type":"ImageObject","inLanguage":"de","@id":"https:\/\/cnc-precision.pl\/#primaryimage","url":"https:\/\/cnc-precision.pl\/wp-content\/uploads\/2025\/08\/20200408_205842.webp","contentUrl":"https:\/\/cnc-precision.pl\/wp-content\/uploads\/2025\/08\/20200408_205842.webp"},{"@type":"BreadcrumbList","@id":"https:\/\/cnc-precision.pl\/#breadcrumb","itemListElement":[{"@type":"ListItem","position":1,"name":"Strona g\u0142\u00f3wna","item":"https:\/\/cnc-precision.pl\/"},{"@type":"ListItem","position":2,"name":"Strona g\u0142\u00f3wna"}]},{"@type":"WebSite","@id":"https:\/\/cnc-precision.pl\/#website","url":"https:\/\/cnc-precision.pl\/","name":"CNC PRECISION Damian Borycki","description":"Precyzyjna obr&oacute;bka skrawaniem CNC","publisher":{"@id":"https:\/\/cnc-precision.pl\/#organization"},"potentialAction":[{"@type":"SearchAction","target":{"@type":"EntryPoint","urlTemplate":"https:\/\/cnc-precision.pl\/?s={search_term_string}"},"query-input":{"@type":"PropertyValueSpecification","valueRequired":true,"valueName":"search_term_string"}}],"inLanguage":"de"},{"@type":"Organization","@id":"https:\/\/cnc-precision.pl\/#organization","name":"CNC PRECISION Damian Borycki","url":"https:\/\/cnc-precision.pl\/","logo":{"@type":"ImageObject","inLanguage":"de","@id":"https:\/\/cnc-precision.pl\/#\/schema\/logo\/image\/","url":"https:\/\/cnc-precision.pl\/wp-content\/uploads\/2025\/08\/cropped-cnc-logo-1.png","contentUrl":"https:\/\/cnc-precision.pl\/wp-content\/uploads\/2025\/08\/cropped-cnc-logo-1.png","width":512,"height":512,"caption":"CNC PRECISION Damian Borycki"},"image":{"@id":"https:\/\/cnc-precision.pl\/#\/schema\/logo\/image\/"}}]}},"_links":{"self":[{"href":"https:\/\/cnc-precision.pl\/de\/wp-json\/wp\/v2\/pages\/7","targetHints":{"allow":["GET"]}}],"collection":[{"href":"https:\/\/cnc-precision.pl\/de\/wp-json\/wp\/v2\/pages"}],"about":[{"href":"https:\/\/cnc-precision.pl\/de\/wp-json\/wp\/v2\/types\/page"}],"author":[{"embeddable":true,"href":"https:\/\/cnc-precision.pl\/de\/wp-json\/wp\/v2\/users\/1"}],"replies":[{"embeddable":true,"href":"https:\/\/cnc-precision.pl\/de\/wp-json\/wp\/v2\/comments?post=7"}],"version-history":[{"count":37,"href":"https:\/\/cnc-precision.pl\/de\/wp-json\/wp\/v2\/pages\/7\/revisions"}],"predecessor-version":[{"id":167,"href":"https:\/\/cnc-precision.pl\/de\/wp-json\/wp\/v2\/pages\/7\/revisions\/167"}],"wp:attachment":[{"href":"https:\/\/cnc-precision.pl\/de\/wp-json\/wp\/v2\/media?parent=7"}],"curies":[{"name":"wp","href":"https:\/\/api.w.org\/{rel}","templated":true}]}}